{"id":2,"date":"2018-11-29T10:16:01","date_gmt":"2018-11-29T10:16:01","guid":{"rendered":"https:\/\/schmidtmarco.de\/?page_id=2"},"modified":"2021-02-05T05:41:19","modified_gmt":"2021-02-05T05:41:19","slug":"schmidt","status":"publish","type":"page","link":"https:\/\/schmidtmarco.de\/","title":{"rendered":"Die Schmidts"},"content":{"rendered":"<p>[et_pb_section fb_built=&#8220;1&#8243; make_equal=&#8220;on&#8220; use_custom_gutter=&#8220;on&#8220; gutter_width=&#8220;1&#8243; specialty=&#8220;on&#8220; next_background_color=&#8220;#345168&#8243; bg_img_1=&#8220;https:\/\/schmidtmarco.de\/wp-content\/uploads\/2019\/01\/DSC_6271.jpg&#8220; background_size_1=&#8220;cover&#8220; background_position_1=&#8220;center&#8220; background_repeat_1=&#8220;no-repeat&#8220; admin_label=&#8220;Hero&#8220; module_class=&#8220; et_pb_specialty_fullwidth&#8220; _builder_version=&#8220;3.22&#8243; max_width_tablet=&#8220;&#8220; max_width_phone=&#8220;100%&#8220; max_width_last_edited=&#8220;on|desktop&#8220; inner_width=&#8220;100%&#8220; inner_width_tablet=&#8220;100%&#8220; inner_width_phone=&#8220;&#8220; inner_width_last_edited=&#8220;on|desktop&#8220; inner_max_width=&#8220;100%&#8220; inner_max_width_tablet=&#8220;100%&#8220; inner_max_width_phone=&#8220;&#8220; inner_max_width_last_edited=&#8220;on|desktop&#8220; custom_padding=&#8220;0||0||false|false&#8220; bottom_divider_style=&#8220;slant&#8220; bottom_divider_flip=&#8220;horizontal&#8220; bottom_divider_arrangement=&#8220;above_content&#8220; make_fullwidth=&#8220;on&#8220;][et_pb_column type=&#8220;1_2&#8243; _builder_version=&#8220;3.25&#8243; custom_padding=&#8220;|||&#8220; bg_img__hover=&#8220;https:\/\/schmidtmarco.de\/wp-content\/uploads\/2019\/01\/DSC_6271.jpg&#8220; parallax__hover=&#8220;off&#8220; parallax_method__hover=&#8220;on&#8220; background_size__hover=&#8220;cover&#8220; background_repeat__hover=&#8220;no-repeat&#8220; background_position__hover=&#8220;center&#8220; custom_padding__hover=&#8220;|||&#8220;][et_pb_divider show_divider=&#8220;off&#8220; _builder_version=&#8220;3.19.5&#8243; height=&#8220;100px&#8220;][\/et_pb_divider][\/et_pb_column][et_pb_column type=&#8220;1_2&#8243; specialty_columns=&#8220;2&#8243; _builder_version=&#8220;3.25&#8243; custom_padding=&#8220;|||&#8220; parallax__hover=&#8220;off&#8220; parallax_method__hover=&#8220;on&#8220; custom_padding__hover=&#8220;|||&#8220;][et_pb_row_inner admin_label=&#8220;Text&#8220; _builder_version=&#8220;3.25&#8243; custom_padding=&#8220;0|6%|42px|6%|false|true&#8220;][et_pb_column_inner saved_specialty_column_type=&#8220;1_2&#8243; _builder_version=&#8220;3.25&#8243; custom_padding=&#8220;|||&#8220; parallax__hover=&#8220;off&#8220; parallax_method__hover=&#8220;on&#8220; custom_padding__hover=&#8220;|||&#8220;][et_pb_text admin_label=&#8220;Title&#8220; _builder_version=&#8220;3.27.4&#8243; text_font=&#8220;|900|||||||&#8220; header_font=&#8220;||||||||&#8220; header_2_font=&#8220;Lato|900||on|||||&#8220; header_2_text_color=&#8220;#aeb8b8&#8243; header_2_letter_spacing=&#8220;4px&#8220; header_2_line_height=&#8220;1.2em&#8220; header_6_font=&#8220;Lato|700|||||||&#8220; header_6_text_color=&#8220;#737a7a&#8220; header_6_font_size=&#8220;18px&#8220; header_6_letter_spacing=&#8220;1px&#8220; header_6_line_height=&#8220;1.8em&#8220; max_width=&#8220;600px&#8220; module_alignment=&#8220;left&#8220; custom_margin=&#8220;30px||30px||true|false&#8220; custom_padding=&#8220;|||&#8220; custom_padding_tablet=&#8220;|0vw||0vw||true&#8220; custom_padding_phone=&#8220;|||||false&#8220; custom_padding_last_edited=&#8220;off|desktop&#8220; animation_style=&#8220;slide&#8220; animation_direction=&#8220;bottom&#8220; animation_intensity_slide=&#8220;5%&#8220; locked=&#8220;off&#8220;]<\/p>\n<h2>Servus, ich bin MArco<\/h2>\n<h6>begeistert von &#8222;Unserer ENERGIE&#8220;<\/h6>\n<p>[\/et_pb_text][et_pb_text _builder_version=&#8220;3.27.4&#8243; text_font=&#8220;Lato||||||||&#8220; text_font_size=&#8220;18px&#8220; text_line_height=&#8220;1.8em&#8220; header_font=&#8220;|700|||||||&#8220; header_font_size=&#8220;46px&#8220; header_line_height=&#8220;1.3em&#8220; header_2_font=&#8220;||||||||&#8220; max_width=&#8220;600px&#8220; module_alignment=&#8220;left&#8220; custom_margin=&#8220;30px||30px||true|false&#8220; custom_margin_last_edited=&#8220;off|desktop&#8220; custom_padding=&#8220;|||&#8220; custom_padding_tablet=&#8220;|0vw||0vw||true&#8220; custom_padding_phone=&#8220;|||||false&#8220; custom_padding_last_edited=&#8220;off|desktop&#8220; animation_style=&#8220;slide&#8220; animation_direction=&#8220;bottom&#8220; animation_intensity_slide=&#8220;5%&#8220; header_font_size_tablet=&#8220;36px&#8220; header_font_size_phone=&#8220;&#8220; header_font_size_last_edited=&#8220;on|phone&#8220; locked=&#8220;off&#8220;]<\/p>\n<h1>Gemeinsam finden wir die passende L\u00f6sung<\/h1>\n<p>[\/et_pb_text][et_pb_button button_url=&#8220;https:\/\/schmidtmarco.de\/index.php\/impressum\/&#8220; button_text=&#8220;Kontakt aufnehmen!&#8220; _builder_version=&#8220;3.19.5&#8243; custom_button=&#8220;on&#8220; button_text_size=&#8220;14px&#8220; button_text_color=&#8220;#ffffff&#8220; button_bg_color=&#8220;#ffb356&#8243; button_border_width=&#8220;12px&#8220; button_border_color=&#8220;#ffb356&#8243; button_border_radius=&#8220;50px&#8220; button_letter_spacing=&#8220;2px&#8220; button_font=&#8220;Lato|900||on|||||&#8220; button_icon=&#8220;%%3%%&#8220; custom_margin=&#8220;|||&#8220; custom_margin_tablet=&#8220;|0vw||0vw||true&#8220; custom_margin_last_edited=&#8220;off|desktop&#8220; custom_padding=&#8220;|||&#8220; button_text_size__hover_enabled=&#8220;off&#8220; button_one_text_size__hover_enabled=&#8220;off&#8220; button_two_text_size__hover_enabled=&#8220;off&#8220; button_text_color__hover_enabled=&#8220;off&#8220; button_one_text_color__hover_enabled=&#8220;off&#8220; button_two_text_color__hover_enabled=&#8220;off&#8220; button_border_width__hover_enabled=&#8220;off&#8220; button_one_border_width__hover_enabled=&#8220;off&#8220; button_two_border_width__hover_enabled=&#8220;off&#8220; button_border_color__hover_enabled=&#8220;off&#8220; button_one_border_color__hover_enabled=&#8220;off&#8220; button_two_border_color__hover_enabled=&#8220;off&#8220; button_border_radius__hover_enabled=&#8220;off&#8220; button_one_border_radius__hover_enabled=&#8220;off&#8220; button_two_border_radius__hover_enabled=&#8220;off&#8220; button_letter_spacing__hover_enabled=&#8220;off&#8220; button_one_letter_spacing__hover_enabled=&#8220;off&#8220; button_two_letter_spacing__hover_enabled=&#8220;off&#8220; button_bg_color__hover_enabled=&#8220;off&#8220; button_one_bg_color__hover_enabled=&#8220;off&#8220; button_two_bg_color__hover_enabled=&#8220;off&#8220;][\/et_pb_button][\/et_pb_column_inner][\/et_pb_row_inner][et_pb_row_inner column_structure=&#8220;1_2,1_2&#8243; make_equal=&#8220;on&#8220; padding_left_right_link_1=&#8220;true&#8220; padding_left_right_link_2=&#8220;true&#8220; admin_label=&#8220;Text&#8220; _builder_version=&#8220;3.25&#8243; custom_padding=&#8220;0||0||true|false&#8220;][et_pb_column_inner type=&#8220;1_2&#8243; saved_specialty_column_type=&#8220;1_2&#8243; _builder_version=&#8220;3.25&#8243; background_color=&#8220;#becedb&#8220; custom_padding=&#8220;50px|6%|150px|6%&#8220; custom_padding_tablet=&#8220;&#8220; custom_padding_phone=&#8220;50px||50px||true&#8220; custom_padding_last_edited=&#8220;on|phone&#8220; padding_phone__hover=&#8220;50px||50px||true&#8220; padding_last_edited__hover=&#8220;on|phone&#8220; padding_bottom__hover=&#8220;150px&#8220; padding_left__hover=&#8220;6%&#8220; padding_right__hover=&#8220;6%&#8220; padding_top__hover=&#8220;50px&#8220; background_color__hover=&#8220;#becedb&#8220; parallax__hover=&#8220;off&#8220; parallax_method__hover=&#8220;on&#8220; padding_phone=&#8220;50px||50px||true&#8220; padding_last_edited=&#8220;on|phone&#8220; custom_padding__hover=&#8220;|||&#8220;][et_pb_cta title=&#8220;Energieversorgungsl\u00f6sungen&#8220; button_url=&#8220;http:\/\/www.e-speicher.com\/de\/referenzen&#8220; url_new_window=&#8220;on&#8220; button_text=&#8220;Stromspeicher-Infos hier!&#8220; _builder_version=&#8220;3.19.5&#8243; header_level=&#8220;h3&#8243; header_font=&#8220;Lato|700|||||||&#8220; header_line_height=&#8220;1.5em&#8220; body_font=&#8220;Lato||||||||&#8220; body_font_size=&#8220;18px&#8220; body_line_height=&#8220;1.8em&#8220; use_background_color=&#8220;off&#8220; custom_button=&#8220;on&#8220; button_text_size=&#8220;17px&#8220; button_text_color=&#8220;#455860&#8243; button_bg_color=&#8220;rgba(255,255,255,0.4)&#8220; button_border_width=&#8220;0px&#8220; button_border_radius=&#8220;100px&#8220; button_letter_spacing=&#8220;1px&#8220; button_font=&#8220;Lato|700|||||||&#8220; button_icon=&#8220;%%3%%&#8220; text_orientation=&#8220;left&#8220; background_layout=&#8220;light&#8220; custom_margin=&#8220;||36px&#8220; custom_padding_tablet=&#8220;|30px||30px||true&#8220; custom_padding_last_edited=&#8220;off|desktop&#8220; animation_style=&#8220;slide&#8220; animation_direction=&#8220;bottom&#8220; animation_delay=&#8220;100ms&#8220; animation_intensity_slide=&#8220;5%&#8220; button_letter_spacing_hover=&#8220;1px&#8220; button_text_size__hover_enabled=&#8220;off&#8220; button_one_text_size__hover_enabled=&#8220;off&#8220; button_two_text_size__hover_enabled=&#8220;off&#8220; button_text_color__hover_enabled=&#8220;off&#8220; button_one_text_color__hover_enabled=&#8220;off&#8220; button_two_text_color__hover_enabled=&#8220;off&#8220; button_border_width__hover_enabled=&#8220;off&#8220; button_one_border_width__hover_enabled=&#8220;off&#8220; button_two_border_width__hover_enabled=&#8220;off&#8220; button_border_color__hover_enabled=&#8220;off&#8220; button_one_border_color__hover_enabled=&#8220;off&#8220; button_two_border_color__hover_enabled=&#8220;off&#8220; button_border_radius__hover_enabled=&#8220;off&#8220; button_one_border_radius__hover_enabled=&#8220;off&#8220; button_two_border_radius__hover_enabled=&#8220;off&#8220; button_letter_spacing__hover_enabled=&#8220;on&#8220; button_letter_spacing__hover=&#8220;1px&#8220; button_one_letter_spacing__hover_enabled=&#8220;off&#8220; button_two_letter_spacing__hover_enabled=&#8220;off&#8220; button_bg_color__hover_enabled=&#8220;off&#8220; button_one_bg_color__hover_enabled=&#8220;off&#8220; button_two_bg_color__hover_enabled=&#8220;off&#8220;]<\/p>\n<p>Seit 2008 widme ich mich dem Thema Energie.\u00a0 Erfahrungen durfte ich bei technischen Anlagen mit ma\u00dfgeschneiderten Stromspeicher- l\u00f6sungen f\u00fcr Gewerbe und Industrieanforderungen machen.<\/p>\n<p>[\/et_pb_cta][\/et_pb_column_inner][et_pb_column_inner type=&#8220;1_2&#8243; saved_specialty_column_type=&#8220;1_2&#8243; _builder_version=&#8220;3.25&#8243; background_color=&#8220;#ccd8e5&#8243; custom_padding=&#8220;50px|6%|150px|6%&#8220; padding_bottom__hover=&#8220;150px&#8220; padding_left__hover=&#8220;6%&#8220; padding_right__hover=&#8220;6%&#8220; padding_top__hover=&#8220;50px&#8220; background_color__hover=&#8220;#ccd8e5&#8243; parallax__hover=&#8220;off&#8220; parallax_method__hover=&#8220;on&#8220; custom_padding__hover=&#8220;|||&#8220;][et_pb_image src=&#8220;https:\/\/schmidtmarco.de\/wp-content\/uploads\/2019\/01\/1.jpg&#8220; align=&#8220;center&#8220; align_tablet=&#8220;center&#8220; align_phone=&#8220;&#8220; align_last_edited=&#8220;on|desktop&#8220; _builder_version=&#8220;3.23&#8243; max_width=&#8220;90%&#8220; custom_margin=&#8220;0px||&#8220;][\/et_pb_image][\/et_pb_column_inner][\/et_pb_row_inner][\/et_pb_column][\/et_pb_section][et_pb_section fb_built=&#8220;1&#8243; next_background_color=&#8220;#345168&#8243; admin_label=&#8220;Feature&#8220; _builder_version=&#8220;3.22&#8243; background_color=&#8220;#345168&#8243; use_background_color_gradient=&#8220;on&#8220; background_color_gradient_start=&#8220;#345168&#8243; background_color_gradient_end=&#8220;rgba(219,219,219,0)&#8220; background_color_gradient_start_position=&#8220;5%&#8220; background_color_gradient_overlays_image=&#8220;on&#8220; background_image=&#8220;https:\/\/schmidtmarco.de\/wp-content\/uploads\/2019\/01\/Netzwerk-Marco-Schmidt.jpg&#8220; max_width_tablet=&#8220;&#8220; max_width_phone=&#8220;100%&#8220; max_width_last_edited=&#8220;on|desktop&#8220; custom_padding=&#8220;0||20.6%||false|false&#8220; bottom_divider_style=&#8220;slant&#8220; bottom_divider_flip=&#8220;horizontal&#8220;][et_pb_row column_structure=&#8220;1_3,1_3,1_3&#8243; _builder_version=&#8220;4.8.2&#8243; max_width=&#8220;1280px&#8220; module_alignment=&#8220;center&#8220; custom_padding=&#8220;27px|0px|0|0|false|false&#8220; use_custom_width=&#8220;on&#8220; custom_width_px=&#8220;1280px&#8220;][et_pb_column type=&#8220;1_3&#8243; _builder_version=&#8220;3.25&#8243; custom_padding=&#8220;|||&#8220; custom_padding__hover=&#8220;|||&#8220;][\/et_pb_column][et_pb_column type=&#8220;1_3&#8243; _builder_version=&#8220;3.25&#8243; custom_padding=&#8220;|||&#8220; custom_padding__hover=&#8220;|||&#8220;][et_pb_cta title=&#8220;Unser Familien-Business&#8220; button_text=&#8220;Business-Infos hier!&#8220; _builder_version=&#8220;4.8.2&#8243; header_level=&#8220;h1&#8243; header_font=&#8220;Arial||on|on|||||&#8220; header_font_size=&#8220;33px&#8220; body_font=&#8220;||||||||&#8220; background_color=&#8220;#355167&#8243; custom_button=&#8220;on&#8220; button_text_size=&#8220;26px&#8220; button_text_color=&#8220;#e09900&#8243; button_font=&#8220;||||||||&#8220; button_icon=&#8220;%%3%%&#8220; button_icon_color=&#8220;#ffffff&#8220; button_icon_placement=&#8220;left&#8220; button_alignment=&#8220;center&#8220; custom_margin=&#8220;||81px|-76px||&#8220; box_shadow_style_button=&#8220;preset4&#8243; box_shadow_blur_button=&#8220;17px&#8220;]<\/p>\n<p>Michaela und Marco haben sich als private Unternehmer die letzten Jahre zunehmend mit<\/p>\n<p>&nbsp;<\/p>\n<p><strong>UNSERER Energie<\/strong><\/p>\n<p><strong><\/strong><\/p>\n<p>als Mensch besch\u00e4ftigt. Dabei liegt Ihnen die Familie, Gesundheit, Natur und der nachhaltige Erfolg im Einklang mit der Wertewelt besonders am Herzen<\/p>\n<div class=\"de elHeadlineWrapper ui-droppable de-editable\" id=\"tmp_subheadline-77745\" aria-disabled=\"false\" data-de-type=\"headline\" data-title=\"sub-headline\" data-animate=\"fade\" data-delay=\"500\" data-trigger=\"none\" data-de-editing=\"false\" data-ce=\"true\"><\/div>\n<p>[\/et_pb_cta][\/et_pb_column][et_pb_column type=&#8220;1_3&#8243; _builder_version=&#8220;3.25&#8243; custom_padding=&#8220;|||&#8220; custom_padding__hover=&#8220;|||&#8220;][et_pb_image src=&#8220;https:\/\/schmidtmarco.de\/wp-content\/uploads\/2019\/01\/Marco-u-Michaela-Schmidt.png&#8220; align=&#8220;center&#8220; force_fullwidth=&#8220;on&#8220; align_tablet=&#8220;center&#8220; align_phone=&#8220;&#8220; align_last_edited=&#8220;on|desktop&#8220; _builder_version=&#8220;3.23&#8243; background_color=&#8220;#ffffff&#8220; border_radii=&#8220;on|3px|3px|3px|3px&#8220; border_width_all=&#8220;28px&#8220; border_color_all=&#8220;rgba(0,0,0,0)&#8220;][\/et_pb_image][\/et_pb_column][\/et_pb_row][\/et_pb_section][et_pb_section fb_built=&#8220;1&#8243; admin_label=&#8220;Footer&#8220; _builder_version=&#8220;3.22&#8243; background_color=&#8220;#345168&#8243; use_background_color_gradient=&#8220;on&#8220; background_color_gradient_start=&#8220;#345168&#8243; background_color_gradient_end=&#8220;rgba(219,219,219,0)&#8220; background_color_gradient_start_position=&#8220;5%&#8220; background_color_gradient_overlays_image=&#8220;on&#8220; background_image=&#8220;https:\/\/schmidtmarco.de\/wp-content\/uploads\/2019\/01\/life-coach-20.jpg&#8220; custom_padding=&#8220;5%||10%||false|false&#8220; bottom_divider_flip=&#8220;horizontal&#8220;][et_pb_row _builder_version=&#8220;3.25&#8243; locked=&#8220;off&#8220;][et_pb_column type=&#8220;4_4&#8243; _builder_version=&#8220;3.25&#8243; custom_padding=&#8220;|||&#8220; custom_padding__hover=&#8220;|||&#8220;][et_pb_text admin_label=&#8220;Title&#8220; _builder_version=&#8220;3.27.4&#8243; text_font=&#8220;Lato||||||||&#8220; text_font_size=&#8220;18px&#8220; text_line_height=&#8220;1.8em&#8220; link_font=&#8220;||||||||&#8220; ul_font=&#8220;||||||||&#8220; ol_font=&#8220;||||||||&#8220; quote_font=&#8220;||||||||&#8220; header_font=&#8220;||||||||&#8220; header_2_font=&#8220;Lato|700|||||||&#8220; header_2_font_size=&#8220;40px&#8220; header_2_letter_spacing=&#8220;1px&#8220; header_2_line_height=&#8220;1.5em&#8220; header_3_font=&#8220;||||||||&#8220; header_4_font=&#8220;||||||||&#8220; header_5_font=&#8220;||||||||&#8220; header_6_font=&#8220;Lato|700|||||||&#8220; header_6_font_size=&#8220;18px&#8220; header_6_letter_spacing=&#8220;1px&#8220; header_6_line_height=&#8220;1.8em&#8220; text_orientation=&#8220;center&#8220; background_layout=&#8220;dark&#8220; max_width=&#8220;700px&#8220; module_alignment=&#8220;center&#8220; header_2_font_size_tablet=&#8220;&#8220; header_2_font_size_phone=&#8220;22px&#8220; header_2_font_size_last_edited=&#8220;on|phone&#8220;]<\/p>\n<h2>Don&#8217;t Wait Any Longer. Start Forging Your Own Path Today!<\/h2>\n<p>[\/et_pb_text][\/et_pb_column][\/et_pb_row][\/et_pb_section]<\/p>\n","protected":false},"excerpt":{"rendered":"<p>[et_pb_section fb_built=&#8220;1&#8243; make_equal=&#8220;on&#8220; use_custom_gutter=&#8220;on&#8220; gutter_width=&#8220;1&#8243; specialty=&#8220;on&#8220; next_background_color=&#8220;#345168&#8243; bg_img_1=&#8220;https:\/\/schmidtmarco.de\/wp-content\/uploads\/2019\/01\/DSC_6271.jpg&#8220; background_size_1=&#8220;cover&#8220; background_position_1=&#8220;center&#8220; background_repeat_1=&#8220;no-repeat&#8220; admin_label=&#8220;Hero&#8220; module_class=&#8220; et_pb_specialty_fullwidth&#8220; _builder_version=&#8220;3.22&#8243; max_width_tablet=&#8220;&#8220; max_width_phone=&#8220;100%&#8220; max_width_last_edited=&#8220;on|desktop&#8220; inner_width=&#8220;100%&#8220; inner_width_tablet=&#8220;100%&#8220; inner_width_phone=&#8220;&#8220; inner_width_last_edited=&#8220;on|desktop&#8220; inner_max_width=&#8220;100%&#8220; inner_max_width_tablet=&#8220;100%&#8220; inner_max_width_phone=&#8220;&#8220; inner_max_width_last_edited=&#8220;on|desktop&#8220; custom_padding=&#8220;0||0||false|false&#8220; bottom_divider_style=&#8220;slant&#8220; bottom_divider_flip=&#8220;horizontal&#8220; bottom_divider_arrangement=&#8220;above_content&#8220; make_fullwidth=&#8220;on&#8220;][et_pb_column type=&#8220;1_2&#8243; _builder_version=&#8220;3.25&#8243; custom_padding=&#8220;|||&#8220; bg_img__hover=&#8220;https:\/\/schmidtmarco.de\/wp-content\/uploads\/2019\/01\/DSC_6271.jpg&#8220; parallax__hover=&#8220;off&#8220; parallax_method__hover=&#8220;on&#8220; background_size__hover=&#8220;cover&#8220; background_repeat__hover=&#8220;no-repeat&#8220; background_position__hover=&#8220;center&#8220; custom_padding__hover=&#8220;|||&#8220;][et_pb_divider show_divider=&#8220;off&#8220; _builder_version=&#8220;3.19.5&#8243; height=&#8220;100px&#8220;][\/et_pb_divider][\/et_pb_column][et_pb_column type=&#8220;1_2&#8243; specialty_columns=&#8220;2&#8243; _builder_version=&#8220;3.25&#8243; custom_padding=&#8220;|||&#8220; parallax__hover=&#8220;off&#8220; parallax_method__hover=&#8220;on&#8220; custom_padding__hover=&#8220;|||&#8220;][et_pb_row_inner admin_label=&#8220;Text&#8220; _builder_version=&#8220;3.25&#8243; custom_padding=&#8220;0|6%|42px|6%|false|true&#8220;][et_pb_column_inner saved_specialty_column_type=&#8220;1_2&#8243; [&hellip;]<\/p>\n","protected":false},"author":1,"featured_media":0,"parent":0,"menu_order":0,"comment_status":"closed","ping_status":"closed","template":"","meta":{"_et_pb_use_builder":"on","_et_pb_old_content":"This is an example page. It's different from a blog post because it will stay in one place and will show up in your site navigation (in most themes). Most people start with an About page that introduces them to potential site visitors. It might say something like this:\n<blockquote>Hi there! I'm a bike messenger by day, aspiring actor by night, and this is my website. I live in Los Angeles, have a great dog named Jack, and I like pi\u00f1a coladas. (And gettin' caught in the rain.)<\/blockquote>\n...or something like this:\n<blockquote>The XYZ Doohickey Company was founded in 1971, and has been providing quality doohickeys to the public ever since. Located in Gotham City, XYZ employs over 2,000 people and does all kinds of awesome things for the Gotham community.<\/blockquote>\nAs a new WordPress user, you should go to <a href=\"https:\/\/schmidtmarco.de\/wp-admin\/\">your dashboard<\/a> to delete this page and create new pages for your content. Have fun!","_et_gb_content_width":""},"_links":{"self":[{"href":"https:\/\/schmidtmarco.de\/index.php\/wp-json\/wp\/v2\/pages\/2"}],"collection":[{"href":"https:\/\/schmidtmarco.de\/index.php\/wp-json\/wp\/v2\/pages"}],"about":[{"href":"https:\/\/schmidtmarco.de\/index.php\/wp-json\/wp\/v2\/types\/page"}],"author":[{"embeddable":true,"href":"https:\/\/schmidtmarco.de\/index.php\/wp-json\/wp\/v2\/users\/1"}],"replies":[{"embeddable":true,"href":"https:\/\/schmidtmarco.de\/index.php\/wp-json\/wp\/v2\/comments?post=2"}],"version-history":[{"count":35,"href":"https:\/\/schmidtmarco.de\/index.php\/wp-json\/wp\/v2\/pages\/2\/revisions"}],"predecessor-version":[{"id":205,"href":"https:\/\/schmidtmarco.de\/index.php\/wp-json\/wp\/v2\/pages\/2\/revisions\/205"}],"wp:attachment":[{"href":"https:\/\/schmidtmarco.de\/index.php\/wp-json\/wp\/v2\/media?parent=2"}],"curies":[{"name":"wp","href":"https:\/\/api.w.org\/{rel}","templated":true}]}}